{"id":9,"date":"2026-04-10T13:30:36","date_gmt":"2026-04-10T13:30:36","guid":{"rendered":"https:\/\/wave.eyy.ro\/?page_id=9"},"modified":"2026-04-10T13:30:36","modified_gmt":"2026-04-10T13:30:36","slug":"sunshine-wave","status":"publish","type":"page","link":"https:\/\/wave.eyy.ro\/","title":{"rendered":"Sunshine Wave"},"content":{"rendered":"\n<h2 class=\"wp-block-heading\">Bright &amp; romantic synth\u2011pop<\/h2>\n\n\n\n<h3 class=\"wp-block-heading\">powered by GB\u2011AI<\/h3>\n\n\n\n<p>Bine ai venit pe <strong>wave.eyy.ro<\/strong>, spa\u021biul oficial al proiectului Sunshine Wave. Site-ul este \u00een construc\u021bie, iar \u00een cur\u00e2nd vei g\u0103si aici muzic\u0103, vizualuri, versuri \u0219i experien\u021be create \u00een stilul Sunshine Wave.<\/p>\n\n\n\n<p>Lucr\u0103m la con\u021binutul complet. R\u0103m\u00e2i aproape.<\/p>\n\n\n\n<p>Coming Soon<\/p>\n","protected":false},"excerpt":{"rendered":"<p>Bright &amp; romantic synth\u2011pop powered by GB\u2011AI Bine ai venit pe wave.eyy.ro, spa\u021biul oficial al proiectului Sunshine Wave. Site-ul este \u00een construc\u021bie, iar \u00een cur\u00e2nd vei g\u0103si aici muzic\u0103, vizualuri, versuri \u0219i experien\u021be create \u00een stilul Sunshine Wave. Lucr\u0103m la con\u021binutul complet. R\u0103m\u00e2i aproape. Coming Soon<\/p>\n","protected":false},"author":1,"featured_media":0,"parent":0,"menu_order":0,"comment_status":"closed","ping_status":"closed","template":"","meta":{"footnotes":""},"class_list":["post-9","page","type-page","status-publish","hentry"],"_links":{"self":[{"href":"https:\/\/wave.eyy.ro\/index.php?rest_route=\/wp\/v2\/pages\/9","targetHints":{"allow":["GET"]}}],"collection":[{"href":"https:\/\/wave.eyy.ro\/index.php?rest_route=\/wp\/v2\/pages"}],"about":[{"href":"https:\/\/wave.eyy.ro\/index.php?rest_route=\/wp\/v2\/types\/page"}],"author":[{"embeddable":true,"href":"https:\/\/wave.eyy.ro\/index.php?rest_route=\/wp\/v2\/users\/1"}],"replies":[{"embeddable":true,"href":"https:\/\/wave.eyy.ro\/index.php?rest_route=%2Fwp%2Fv2%2Fcomments&post=9"}],"version-history":[{"count":2,"href":"https:\/\/wave.eyy.ro\/index.php?rest_route=\/wp\/v2\/pages\/9\/revisions"}],"predecessor-version":[{"id":21,"href":"https:\/\/wave.eyy.ro\/index.php?rest_route=\/wp\/v2\/pages\/9\/revisions\/21"}],"wp:attachment":[{"href":"https:\/\/wave.eyy.ro\/index.php?rest_route=%2Fwp%2Fv2%2Fmedia&parent=9"}],"curies":[{"name":"wp","href":"https:\/\/api.w.org\/{rel}","templated":true}]}}